{"id":1907,"date":"2021-05-08T20:34:17","date_gmt":"2021-05-08T18:34:17","guid":{"rendered":"https:\/\/cistocagradiska.com\/?page_id=1907"},"modified":"2021-06-25T13:58:45","modified_gmt":"2021-06-25T11:58:45","slug":"javne-nabavke","status":"publish","type":"page","link":"https:\/\/cistocagradiska.com\/cir\/javne-nabavke\/","title":{"rendered":"\u0408\u0430\u0432\u043d\u0435 \u043d\u0430\u0431\u0430\u0432\u043a\u0435"},"content":{"rendered":"<div data-elementor-type=\"wp-page\" data-elementor-id=\"1907\" class=\"elementor elementor-1907\" data-elementor-post-type=\"page\">\n\t\t\t\t\t\t<section class=\"elementor-section elementor-top-section elementor-element elementor-element-41a2fba elementor-section-boxed elementor-section-height-default elementor-section-height-default\" data-id=\"41a2fba\" data-element_type=\"section\" data-settings=\"{&quot;background_background&quot;:&quot;classic&quot;}\">\n\t\t\t\t\t\t\t<div class=\"elementor-background-overlay\"><\/div>\n\t\t\t\t\t\t\t<div class=\"elementor-container elementor-column-gap-default\">\n\t\t\t\t\t<div class=\"elementor-column elementor-col-100 elementor-top-column elementor-element elementor-element-3e2c995\" data-id=\"3e2c995\" data-element_type=\"column\">\n\t\t\t<div class=\"elementor-widget-wrap elementor-element-populated\">\n\t\t\t\t\t\t<div class=\"elementor-element elementor-element-c454722 elementor-icon-list--layout-inline elementor-widget__width-auto elementor-list-item-link-full_width elementor-widget elementor-widget-icon-list\" data-id=\"c454722\" data-element_type=\"widget\" data-widget_type=\"icon-list.default\">\n\t\t\t\t<div class=\"elementor-widget-container\">\n\t\t\t\t\t<ul class=\"elementor-icon-list-items elementor-inline-items\">\n\t\t\t\t\t\t\t<li class=\"elementor-icon-list-item elementor-inline-item\">\n\t\t\t\t\t\t\t\t\t\t\t<a href=\"https:\/\/cistocagradiska.com\/cir\">\n\n\t\t\t\t\t\t\t\t\t\t\t\t<span class=\"elementor-icon-list-icon\">\n\t\t\t\t\t\t\t<i aria-hidden=\"true\" class=\"fas fa-home\"><\/i>\t\t\t\t\t\t<\/span>\n\t\t\t\t\t\t\t\t\t\t<span class=\"elementor-icon-list-text\">\u041f\u043e\u0447\u0435\u0442\u043d\u0430<\/span>\n\t\t\t\t\t\t\t\t\t\t\t<\/a>\n\t\t\t\t\t\t\t\t\t<\/li>\n\t\t\t\t\t\t<\/ul>\n\t\t\t\t<\/div>\n\t\t\t\t<\/div>\n\t\t\t\t<div class=\"elementor-element elementor-element-52fedf0 elementor-icon-list--layout-inline elementor-widget__width-auto elementor-list-item-link-full_width elementor-widget elementor-widget-icon-list\" data-id=\"52fedf0\" data-element_type=\"widget\" data-widget_type=\"icon-list.default\">\n\t\t\t\t<div class=\"elementor-widget-container\">\n\t\t\t\t\t<ul class=\"elementor-icon-list-items elementor-inline-items\">\n\t\t\t\t\t\t\t<li class=\"elementor-icon-list-item elementor-inline-item\">\n\t\t\t\t\t\t\t\t\t\t\t<a href=\"#\">\n\n\t\t\t\t\t\t\t\t\t\t\t\t<span class=\"elementor-icon-list-icon\">\n\t\t\t\t\t\t\t<i aria-hidden=\"true\" class=\"fas fa-angle-right\"><\/i>\t\t\t\t\t\t<\/span>\n\t\t\t\t\t\t\t\t\t\t<span class=\"elementor-icon-list-text\"><\/span>\n\t\t\t\t\t\t\t\t\t\t\t<\/a>\n\t\t\t\t\t\t\t\t\t<\/li>\n\t\t\t\t\t\t<\/ul>\n\t\t\t\t<\/div>\n\t\t\t\t<\/div>\n\t\t\t\t\t<\/div>\n\t\t<\/div>\n\t\t\t\t\t<\/div>\n\t\t<\/section>\n\t\t\t\t<section class=\"elementor-section elementor-top-section elementor-element elementor-element-0f204bf elementor-section-full_width elementor-section-height-min-height elementor-section-height-default elementor-section-items-middle\" data-id=\"0f204bf\" data-element_type=\"section\" data-settings=\"{&quot;background_background&quot;:&quot;classic&quot;}\">\n\t\t\t\t\t\t\t<div class=\"elementor-background-overlay\"><\/div>\n\t\t\t\t\t\t\t<div class=\"elementor-container elementor-column-gap-default\">\n\t\t\t\t\t<div class=\"elementor-column elementor-col-100 elementor-top-column elementor-element elementor-element-df3a836\" data-id=\"df3a836\" data-element_type=\"column\">\n\t\t\t<div class=\"elementor-widget-wrap elementor-element-populated\">\n\t\t\t\t\t\t\t<\/div>\n\t\t<\/div>\n\t\t\t\t\t<\/div>\n\t\t<\/section>\n\t\t\t\t<section class=\"elementor-section elementor-top-section elementor-element elementor-element-4876105 elementor-section-boxed elementor-section-height-default elementor-section-height-default\" data-id=\"4876105\" data-element_type=\"section\">\n\t\t\t\t\t\t<div class=\"elementor-container elementor-column-gap-default\">\n\t\t\t\t\t<div class=\"elementor-column elementor-col-100 elementor-top-column elementor-element elementor-element-643312a\" data-id=\"643312a\" data-element_type=\"column\">\n\t\t\t<div class=\"elementor-widget-wrap elementor-element-populated\">\n\t\t\t\t\t\t<div class=\"elementor-element elementor-element-3371938 elementor-widget elementor-widget-text-editor\" data-id=\"3371938\" data-element_type=\"widget\" data-widget_type=\"text-editor.default\">\n\t\t\t\t<div class=\"elementor-widget-container\">\n\t\t\t\t\t\t\t<p>\u0423 \u0441\u0435\u043a\u0442\u043e\u0440\u0443 \u0437\u0430 \u043e\u043f\u0448\u0442\u0435, \u043f\u0440\u0430\u0432\u043d\u0435 \u0438 \u043a\u0430\u0434\u0440\u043e\u0432\u0441\u043a\u0435 \u043f\u043e\u0441\u043b\u043e\u0432\u0435, \u043e\u0440\u0433\u0430\u043d\u0438\u0437\u043e\u0432\u0430\u043d\u043e \u0458\u0435 \u0432\u0440\u0448\u0435\u045a\u0435 \u043f\u043e\u0441\u043b\u043e\u0432\u0430 \u0458\u0430\u0432\u043d\u0438\u0445 \u043d\u0430\u0431\u0430\u0432\u043a\u0438 \u0433\u0434\u0458\u0435 \u0441\u0435 \u043f\u0440\u043e\u0432\u043e\u0434\u0435 \u043f\u043e\u0441\u0442\u0443\u043f\u0446\u0438 \u0458\u0430\u0432\u043d\u0438\u0445 \u043d\u0430\u0431\u0430\u0432\u043a\u0438 \u0437\u0430 \u043f\u043e\u0442\u0440\u0435\u0431\u0435 \u041a\u041f\u201c\u0413\u0440\u0430\u0434\u0441\u043a\u0430 \u0447\u0438\u0441\u0442\u043e\u045b\u0430\u201c\u0430.\u0434. \u0413\u0440\u0430\u0434\u0438\u0448\u043a\u0430, \u043a\u0430\u043e \u0443\u0433\u043e\u0432\u043e\u0440\u043d\u0438 \u043e\u0440\u0433\u0430\u043d \u0438 \u043a\u0430\u043e \u043f\u043e\u043d\u0443\u0452\u0430\u0447 \u0437\u0430 \u043f\u0440\u0443\u0436\u0430\u045a\u0435 \u0440\u0435\u0433\u0438\u0441\u0442\u0440\u043e\u0432\u0430\u043d\u0438\u0445 \u0443\u0441\u043b\u0443\u0433\u0430.<\/p><p>\u00a0<\/p><p>\u00a0<\/p><p><strong>\u0420\u0435\u0444\u0435\u0440\u0435\u043d\u0442 \u0437\u0430 \u0458\u0430\u0432\u043d\u0435 \u043d\u0430\u0431\u0430\u0432\u043a\u0435<\/strong><\/p><p>\u0412\u043b\u0430\u0434\u0430\u043d \u0411\u0458\u0435\u043b\u043e\u0432\u0443\u043a<\/p><p>\u0422\u0435\u043b: 051\/813-225<\/p><p>\u0424\u0430\u043a\u0441: 051\/814-790<\/p><p>\u0415-\u043c\u0430\u0438\u043b: <a href=\"mailto:gradiskacistoca@gmail.com\">gradiskacistoca@gmail.com<\/a><\/p>\t\t\t\t\t\t<\/div>\n\t\t\t\t<\/div>\n\t\t\t\t\t<\/div>\n\t\t<\/div>\n\t\t\t\t\t<\/div>\n\t\t<\/section>\n\t\t\t\t<\/div>","protected":false},"excerpt":{"rendered":"<p>Po\u010detna U sektoru za op\u0161te, pravne i kadrovske poslove, organizovano je vr\u0161enje poslova javnih nabavki gdje se provode postupci javnih nabavki za potrebe KP\u201cGradska \u010disto\u0107a\u201ca.d. Gradi\u0161ka, kao ugovorni organ i kao ponu\u0111a\u010d za pru\u017eanje registrovanih usluga. Referent za javne nabavke Vladan Bjelovuk Tel: 051\/813-225 Faks: 051\/814-790 E-mail: gradiskacistoca@gmail.com<\/p>","protected":false},"author":1,"featured_media":1980,"parent":0,"menu_order":0,"comment_status":"closed","ping_status":"closed","template":"elementor_header_footer","meta":{"_acf_changed":false,"footnotes":""},"class_list":["post-1907","page","type-page","status-publish","has-post-thumbnail","hentry"],"acf":[],"yoast_head":"<!-- This site is optimized with the Yoast SEO plugin v22.8 - https:\/\/yoast.com\/wordpress\/plugins\/seo\/ -->\n<title>Javne nabavke - \u010cisto\u0107a Gradi\u0161ka<\/title>\n<meta name=\"description\" content=\"\u0423 \u0441\u0435\u043a\u0442\u043e\u0440\u0443 \u0437\u0430 \u043e\u043f\u0448\u0442\u0435, \u043f\u0440\u0430\u0432\u043d\u0435 \u0438 \u043a\u0430\u0434\u0440\u043e\u0432\u0441\u043a\u0435 \u043f\u043e\u0441\u043b\u043e\u0432\u0435, \u043e\u0440\u0433\u0430\u043d\u0438\u0437\u043e\u0432\u0430\u043d\u043e \u0458\u0435 \u0432\u0440\u0448\u0435\u045a\u0435 \u043f\u043e\u0441\u043b\u043e\u0432\u0430 \u0458\u0430\u0432\u043d\u0438\u0445 \u043d\u0430\u0431\u0430\u0432\u043a\u0438 \u0433\u0434\u0458\u0435 \u0441\u0435 \u043f\u0440\u043e\u0432\u043e\u0434\u0435 \u043f\u043e\u0441\u0442\u0443\u043f\u0446\u0438 \u0458\u0430\u0432\u043d\u0438\u0445 \u043d\u0430\u0431\u0430\u0432\u043a\u0438 \u0437\u0430 \u043f\u043e\u0442\u0440\u0435\u0431\u0435 \u041a\u041f\u201c\u0413\u0440\u0430\u0434\u0441\u043a\u0430 \u0447\u0438\u0441\u0442\u043e\u045b\u0430\u201c\u0430.\u0434. \u0413\u0440\u0430\u0434\u0438\u0448\u043a\u0430, \u043a\u0430\u043e \u0443\u0433\u043e\u0432\u043e\u0440\u043d\u0438 \u043e\u0440\u0433\u0430\u043d \u0438 \u043a\u0430\u043e \u043f\u043e\u043d\u0443\u0452\u0430\u0447 \u0437\u0430 \u043f\u0440\u0443\u0436\u0430\u045a\u0435 \u0440\u0435\u0433\u0438\u0441\u0442\u0440\u043e\u0432\u0430\u043d\u0438\u0445 \u0443\u0441\u043b\u0443\u0433\u0430.\" \/>\n<meta name=\"robots\" content=\"index, follow, max-snippet:-1, max-image-preview:large, max-video-preview:-1\" \/>\n<link rel=\"canonical\" href=\"https:\/\/cistocagradiska.com\/cir\/javne-nabavke\/\" \/>\n<meta property=\"og:locale\" content=\"en_US\" \/>\n<meta property=\"og:type\" content=\"article\" \/>\n<meta property=\"og:title\" content=\"Javne nabavke - \u010cisto\u0107a Gradi\u0161ka\" \/>\n<meta property=\"og:description\" content=\"\u0423 \u0441\u0435\u043a\u0442\u043e\u0440\u0443 \u0437\u0430 \u043e\u043f\u0448\u0442\u0435, \u043f\u0440\u0430\u0432\u043d\u0435 \u0438 \u043a\u0430\u0434\u0440\u043e\u0432\u0441\u043a\u0435 \u043f\u043e\u0441\u043b\u043e\u0432\u0435, \u043e\u0440\u0433\u0430\u043d\u0438\u0437\u043e\u0432\u0430\u043d\u043e \u0458\u0435 \u0432\u0440\u0448\u0435\u045a\u0435 \u043f\u043e\u0441\u043b\u043e\u0432\u0430 \u0458\u0430\u0432\u043d\u0438\u0445 \u043d\u0430\u0431\u0430\u0432\u043a\u0438 \u0433\u0434\u0458\u0435 \u0441\u0435 \u043f\u0440\u043e\u0432\u043e\u0434\u0435 \u043f\u043e\u0441\u0442\u0443\u043f\u0446\u0438 \u0458\u0430\u0432\u043d\u0438\u0445 \u043d\u0430\u0431\u0430\u0432\u043a\u0438 \u0437\u0430 \u043f\u043e\u0442\u0440\u0435\u0431\u0435 \u041a\u041f\u201c\u0413\u0440\u0430\u0434\u0441\u043a\u0430 \u0447\u0438\u0441\u0442\u043e\u045b\u0430\u201c\u0430.\u0434. \u0413\u0440\u0430\u0434\u0438\u0448\u043a\u0430, \u043a\u0430\u043e \u0443\u0433\u043e\u0432\u043e\u0440\u043d\u0438 \u043e\u0440\u0433\u0430\u043d \u0438 \u043a\u0430\u043e \u043f\u043e\u043d\u0443\u0452\u0430\u0447 \u0437\u0430 \u043f\u0440\u0443\u0436\u0430\u045a\u0435 \u0440\u0435\u0433\u0438\u0441\u0442\u0440\u043e\u0432\u0430\u043d\u0438\u0445 \u0443\u0441\u043b\u0443\u0433\u0430.\" \/>\n<meta property=\"og:url\" content=\"https:\/\/cistocagradiska.com\/cir\/javne-nabavke\/\" \/>\n<meta property=\"og:site_name\" content=\"\u010cisto\u0107a Gradi\u0161ka\" \/>\n<meta property=\"article:modified_time\" content=\"2021-06-25T11:58:45+00:00\" \/>\n<meta property=\"og:image\" content=\"https:\/\/cistocagradiska.com\/wp-content\/uploads\/2021\/05\/javne-nabavke-bg.jpg\" \/>\n\t<meta property=\"og:image:width\" content=\"1500\" \/>\n\t<meta property=\"og:image:height\" content=\"1000\" \/>\n\t<meta property=\"og:image:type\" content=\"image\/jpeg\" \/>\n<meta name=\"twitter:card\" content=\"summary_large_image\" \/>\n<meta name=\"twitter:image\" content=\"https:\/\/cistocagradiska.com\/wp-content\/uploads\/2021\/05\/javne-nabavke-bg.jpg\" \/>\n<meta name=\"twitter:label1\" content=\"Est. reading time\" \/>\n\t<meta name=\"twitter:data1\" content=\"1 minute\" \/>\n<script type=\"application\/ld+json\" class=\"yoast-schema-graph\">{\"@context\":\"https:\/\/schema.org\",\"@graph\":[{\"@type\":\"WebPage\",\"@id\":\"https:\/\/cistocagradiska.com\/cir\/javne-nabavke\/\",\"url\":\"https:\/\/cistocagradiska.com\/cir\/javne-nabavke\/\",\"name\":\"Javne nabavke - \u010cisto\u0107a Gradi\u0161ka\",\"isPartOf\":{\"@id\":\"https:\/\/cistocagradiska.com\/cir\/#website\"},\"primaryImageOfPage\":{\"@id\":\"https:\/\/cistocagradiska.com\/cir\/javne-nabavke\/#primaryimage\"},\"image\":{\"@id\":\"https:\/\/cistocagradiska.com\/cir\/javne-nabavke\/#primaryimage\"},\"thumbnailUrl\":\"https:\/\/cistocagradiska.com\/wp-content\/uploads\/2021\/05\/javne-nabavke-bg.jpg\",\"datePublished\":\"2021-05-08T18:34:17+00:00\",\"dateModified\":\"2021-06-25T11:58:45+00:00\",\"description\":\"\u0423 \u0441\u0435\u043a\u0442\u043e\u0440\u0443 \u0437\u0430 \u043e\u043f\u0448\u0442\u0435, \u043f\u0440\u0430\u0432\u043d\u0435 \u0438 \u043a\u0430\u0434\u0440\u043e\u0432\u0441\u043a\u0435 \u043f\u043e\u0441\u043b\u043e\u0432\u0435, \u043e\u0440\u0433\u0430\u043d\u0438\u0437\u043e\u0432\u0430\u043d\u043e \u0458\u0435 \u0432\u0440\u0448\u0435\u045a\u0435 \u043f\u043e\u0441\u043b\u043e\u0432\u0430 \u0458\u0430\u0432\u043d\u0438\u0445 \u043d\u0430\u0431\u0430\u0432\u043a\u0438 \u0433\u0434\u0458\u0435 \u0441\u0435 \u043f\u0440\u043e\u0432\u043e\u0434\u0435 \u043f\u043e\u0441\u0442\u0443\u043f\u0446\u0438 \u0458\u0430\u0432\u043d\u0438\u0445 \u043d\u0430\u0431\u0430\u0432\u043a\u0438 \u0437\u0430 \u043f\u043e\u0442\u0440\u0435\u0431\u0435 \u041a\u041f\u201c\u0413\u0440\u0430\u0434\u0441\u043a\u0430 \u0447\u0438\u0441\u0442\u043e\u045b\u0430\u201c\u0430.\u0434. \u0413\u0440\u0430\u0434\u0438\u0448\u043a\u0430, \u043a\u0430\u043e \u0443\u0433\u043e\u0432\u043e\u0440\u043d\u0438 \u043e\u0440\u0433\u0430\u043d \u0438 \u043a\u0430\u043e \u043f\u043e\u043d\u0443\u0452\u0430\u0447 \u0437\u0430 \u043f\u0440\u0443\u0436\u0430\u045a\u0435 \u0440\u0435\u0433\u0438\u0441\u0442\u0440\u043e\u0432\u0430\u043d\u0438\u0445 \u0443\u0441\u043b\u0443\u0433\u0430.\",\"breadcrumb\":{\"@id\":\"https:\/\/cistocagradiska.com\/cir\/javne-nabavke\/#breadcrumb\"},\"inLanguage\":\"cir\",\"potentialAction\":[{\"@type\":\"ReadAction\",\"target\":[\"https:\/\/cistocagradiska.com\/cir\/javne-nabavke\/\"]}]},{\"@type\":\"ImageObject\",\"inLanguage\":\"cir\",\"@id\":\"https:\/\/cistocagradiska.com\/cir\/javne-nabavke\/#primaryimage\",\"url\":\"https:\/\/cistocagradiska.com\/wp-content\/uploads\/2021\/05\/javne-nabavke-bg.jpg\",\"contentUrl\":\"https:\/\/cistocagradiska.com\/wp-content\/uploads\/2021\/05\/javne-nabavke-bg.jpg\",\"width\":1500,\"height\":1000,\"caption\":\"Statistics chart on laptop display and trader analyzing the data\"},{\"@type\":\"BreadcrumbList\",\"@id\":\"https:\/\/cistocagradiska.com\/cir\/javne-nabavke\/#breadcrumb\",\"itemListElement\":[{\"@type\":\"ListItem\",\"position\":1,\"name\":\"Home\",\"item\":\"https:\/\/cistocagradiska.com\/cir\/\"},{\"@type\":\"ListItem\",\"position\":2,\"name\":\"Javne nabavke\"}]},{\"@type\":\"WebSite\",\"@id\":\"https:\/\/cistocagradiska.com\/cir\/#website\",\"url\":\"https:\/\/cistocagradiska.com\/cir\/\",\"name\":\"\u010cisto\u0107a Gradi\u0161ka\",\"description\":\"KP &quot;GRADSKA \u010cISTO\u0106A&quot; AD GRADI\u0160KA\",\"publisher\":{\"@id\":\"https:\/\/cistocagradiska.com\/cir\/#organization\"},\"potentialAction\":[{\"@type\":\"SearchAction\",\"target\":{\"@type\":\"EntryPoint\",\"urlTemplate\":\"https:\/\/cistocagradiska.com\/cir\/?s={search_term_string}\"},\"query-input\":\"required name=search_term_string\"}],\"inLanguage\":\"cir\"},{\"@type\":\"Organization\",\"@id\":\"https:\/\/cistocagradiska.com\/cir\/#organization\",\"name\":\"\u010cisto\u0107a Gradi\u0161ka\",\"url\":\"https:\/\/cistocagradiska.com\/cir\/\",\"logo\":{\"@type\":\"ImageObject\",\"inLanguage\":\"cir\",\"@id\":\"https:\/\/cistocagradiska.com\/cir\/#\/schema\/logo\/image\/\",\"url\":\"https:\/\/cistocagradiska.com\/wp-content\/uploads\/2021\/05\/CistocaGradiskaLOGO.png\",\"contentUrl\":\"https:\/\/cistocagradiska.com\/wp-content\/uploads\/2021\/05\/CistocaGradiskaLOGO.png\",\"width\":600,\"height\":200,\"caption\":\"\u010cisto\u0107a Gradi\u0161ka\"},\"image\":{\"@id\":\"https:\/\/cistocagradiska.com\/cir\/#\/schema\/logo\/image\/\"}}]}<\/script>\n<!-- \/ Yoast SEO plugin. -->","yoast_head_json":{"title":"Javne nabavke - \u010cisto\u0107a Gradi\u0161ka","description":"\u0423 \u0441\u0435\u043a\u0442\u043e\u0440\u0443 \u0437\u0430 \u043e\u043f\u0448\u0442\u0435, \u043f\u0440\u0430\u0432\u043d\u0435 \u0438 \u043a\u0430\u0434\u0440\u043e\u0432\u0441\u043a\u0435 \u043f\u043e\u0441\u043b\u043e\u0432\u0435, \u043e\u0440\u0433\u0430\u043d\u0438\u0437\u043e\u0432\u0430\u043d\u043e \u0458\u0435 \u0432\u0440\u0448\u0435\u045a\u0435 \u043f\u043e\u0441\u043b\u043e\u0432\u0430 \u0458\u0430\u0432\u043d\u0438\u0445 \u043d\u0430\u0431\u0430\u0432\u043a\u0438 \u0433\u0434\u0458\u0435 \u0441\u0435 \u043f\u0440\u043e\u0432\u043e\u0434\u0435 \u043f\u043e\u0441\u0442\u0443\u043f\u0446\u0438 \u0458\u0430\u0432\u043d\u0438\u0445 \u043d\u0430\u0431\u0430\u0432\u043a\u0438 \u0437\u0430 \u043f\u043e\u0442\u0440\u0435\u0431\u0435 \u041a\u041f\u201c\u0413\u0440\u0430\u0434\u0441\u043a\u0430 \u0447\u0438\u0441\u0442\u043e\u045b\u0430\u201c\u0430.\u0434. \u0413\u0440\u0430\u0434\u0438\u0448\u043a\u0430, \u043a\u0430\u043e \u0443\u0433\u043e\u0432\u043e\u0440\u043d\u0438 \u043e\u0440\u0433\u0430\u043d \u0438 \u043a\u0430\u043e \u043f\u043e\u043d\u0443\u0452\u0430\u0447 \u0437\u0430 \u043f\u0440\u0443\u0436\u0430\u045a\u0435 \u0440\u0435\u0433\u0438\u0441\u0442\u0440\u043e\u0432\u0430\u043d\u0438\u0445 \u0443\u0441\u043b\u0443\u0433\u0430.","robots":{"index":"index","follow":"follow","max-snippet":"max-snippet:-1","max-image-preview":"max-image-preview:large","max-video-preview":"max-video-preview:-1"},"canonical":"https:\/\/cistocagradiska.com\/cir\/javne-nabavke\/","og_locale":"en_US","og_type":"article","og_title":"Javne nabavke - \u010cisto\u0107a Gradi\u0161ka","og_description":"\u0423 \u0441\u0435\u043a\u0442\u043e\u0440\u0443 \u0437\u0430 \u043e\u043f\u0448\u0442\u0435, \u043f\u0440\u0430\u0432\u043d\u0435 \u0438 \u043a\u0430\u0434\u0440\u043e\u0432\u0441\u043a\u0435 \u043f\u043e\u0441\u043b\u043e\u0432\u0435, \u043e\u0440\u0433\u0430\u043d\u0438\u0437\u043e\u0432\u0430\u043d\u043e \u0458\u0435 \u0432\u0440\u0448\u0435\u045a\u0435 \u043f\u043e\u0441\u043b\u043e\u0432\u0430 \u0458\u0430\u0432\u043d\u0438\u0445 \u043d\u0430\u0431\u0430\u0432\u043a\u0438 \u0433\u0434\u0458\u0435 \u0441\u0435 \u043f\u0440\u043e\u0432\u043e\u0434\u0435 \u043f\u043e\u0441\u0442\u0443\u043f\u0446\u0438 \u0458\u0430\u0432\u043d\u0438\u0445 \u043d\u0430\u0431\u0430\u0432\u043a\u0438 \u0437\u0430 \u043f\u043e\u0442\u0440\u0435\u0431\u0435 \u041a\u041f\u201c\u0413\u0440\u0430\u0434\u0441\u043a\u0430 \u0447\u0438\u0441\u0442\u043e\u045b\u0430\u201c\u0430.\u0434. \u0413\u0440\u0430\u0434\u0438\u0448\u043a\u0430, \u043a\u0430\u043e \u0443\u0433\u043e\u0432\u043e\u0440\u043d\u0438 \u043e\u0440\u0433\u0430\u043d \u0438 \u043a\u0430\u043e \u043f\u043e\u043d\u0443\u0452\u0430\u0447 \u0437\u0430 \u043f\u0440\u0443\u0436\u0430\u045a\u0435 \u0440\u0435\u0433\u0438\u0441\u0442\u0440\u043e\u0432\u0430\u043d\u0438\u0445 \u0443\u0441\u043b\u0443\u0433\u0430.","og_url":"https:\/\/cistocagradiska.com\/cir\/javne-nabavke\/","og_site_name":"\u010cisto\u0107a Gradi\u0161ka","article_modified_time":"2021-06-25T11:58:45+00:00","og_image":[{"width":1500,"height":1000,"url":"https:\/\/cistocagradiska.com\/wp-content\/uploads\/2021\/05\/javne-nabavke-bg.jpg","type":"image\/jpeg"}],"twitter_card":"summary_large_image","twitter_image":"https:\/\/cistocagradiska.com\/wp-content\/uploads\/2021\/05\/javne-nabavke-bg.jpg","twitter_misc":{"Est. reading time":"1 minute"},"schema":{"@context":"https:\/\/schema.org","@graph":[{"@type":"WebPage","@id":"https:\/\/cistocagradiska.com\/cir\/javne-nabavke\/","url":"https:\/\/cistocagradiska.com\/cir\/javne-nabavke\/","name":"Javne nabavke - \u010cisto\u0107a Gradi\u0161ka","isPartOf":{"@id":"https:\/\/cistocagradiska.com\/cir\/#website"},"primaryImageOfPage":{"@id":"https:\/\/cistocagradiska.com\/cir\/javne-nabavke\/#primaryimage"},"image":{"@id":"https:\/\/cistocagradiska.com\/cir\/javne-nabavke\/#primaryimage"},"thumbnailUrl":"https:\/\/cistocagradiska.com\/wp-content\/uploads\/2021\/05\/javne-nabavke-bg.jpg","datePublished":"2021-05-08T18:34:17+00:00","dateModified":"2021-06-25T11:58:45+00:00","description":"\u0423 \u0441\u0435\u043a\u0442\u043e\u0440\u0443 \u0437\u0430 \u043e\u043f\u0448\u0442\u0435, \u043f\u0440\u0430\u0432\u043d\u0435 \u0438 \u043a\u0430\u0434\u0440\u043e\u0432\u0441\u043a\u0435 \u043f\u043e\u0441\u043b\u043e\u0432\u0435, \u043e\u0440\u0433\u0430\u043d\u0438\u0437\u043e\u0432\u0430\u043d\u043e \u0458\u0435 \u0432\u0440\u0448\u0435\u045a\u0435 \u043f\u043e\u0441\u043b\u043e\u0432\u0430 \u0458\u0430\u0432\u043d\u0438\u0445 \u043d\u0430\u0431\u0430\u0432\u043a\u0438 \u0433\u0434\u0458\u0435 \u0441\u0435 \u043f\u0440\u043e\u0432\u043e\u0434\u0435 \u043f\u043e\u0441\u0442\u0443\u043f\u0446\u0438 \u0458\u0430\u0432\u043d\u0438\u0445 \u043d\u0430\u0431\u0430\u0432\u043a\u0438 \u0437\u0430 \u043f\u043e\u0442\u0440\u0435\u0431\u0435 \u041a\u041f\u201c\u0413\u0440\u0430\u0434\u0441\u043a\u0430 \u0447\u0438\u0441\u0442\u043e\u045b\u0430\u201c\u0430.\u0434. \u0413\u0440\u0430\u0434\u0438\u0448\u043a\u0430, \u043a\u0430\u043e \u0443\u0433\u043e\u0432\u043e\u0440\u043d\u0438 \u043e\u0440\u0433\u0430\u043d \u0438 \u043a\u0430\u043e \u043f\u043e\u043d\u0443\u0452\u0430\u0447 \u0437\u0430 \u043f\u0440\u0443\u0436\u0430\u045a\u0435 \u0440\u0435\u0433\u0438\u0441\u0442\u0440\u043e\u0432\u0430\u043d\u0438\u0445 \u0443\u0441\u043b\u0443\u0433\u0430.","breadcrumb":{"@id":"https:\/\/cistocagradiska.com\/cir\/javne-nabavke\/#breadcrumb"},"inLanguage":"cir","potentialAction":[{"@type":"ReadAction","target":["https:\/\/cistocagradiska.com\/cir\/javne-nabavke\/"]}]},{"@type":"ImageObject","inLanguage":"cir","@id":"https:\/\/cistocagradiska.com\/cir\/javne-nabavke\/#primaryimage","url":"https:\/\/cistocagradiska.com\/wp-content\/uploads\/2021\/05\/javne-nabavke-bg.jpg","contentUrl":"https:\/\/cistocagradiska.com\/wp-content\/uploads\/2021\/05\/javne-nabavke-bg.jpg","width":1500,"height":1000,"caption":"Statistics chart on laptop display and trader analyzing the data"},{"@type":"BreadcrumbList","@id":"https:\/\/cistocagradiska.com\/cir\/javne-nabavke\/#breadcrumb","itemListElement":[{"@type":"ListItem","position":1,"name":"Home","item":"https:\/\/cistocagradiska.com\/cir\/"},{"@type":"ListItem","position":2,"name":"Javne nabavke"}]},{"@type":"WebSite","@id":"https:\/\/cistocagradiska.com\/cir\/#website","url":"https:\/\/cistocagradiska.com\/cir\/","name":"\u010cisto\u0107a Gradi\u0161ka","description":"KP &quot;GRADSKA \u010cISTO\u0106A&quot; AD GRADI\u0160KA","publisher":{"@id":"https:\/\/cistocagradiska.com\/cir\/#organization"},"potentialAction":[{"@type":"SearchAction","target":{"@type":"EntryPoint","urlTemplate":"https:\/\/cistocagradiska.com\/cir\/?s={search_term_string}"},"query-input":"required name=search_term_string"}],"inLanguage":"cir"},{"@type":"Organization","@id":"https:\/\/cistocagradiska.com\/cir\/#organization","name":"\u010cisto\u0107a Gradi\u0161ka","url":"https:\/\/cistocagradiska.com\/cir\/","logo":{"@type":"ImageObject","inLanguage":"cir","@id":"https:\/\/cistocagradiska.com\/cir\/#\/schema\/logo\/image\/","url":"https:\/\/cistocagradiska.com\/wp-content\/uploads\/2021\/05\/CistocaGradiskaLOGO.png","contentUrl":"https:\/\/cistocagradiska.com\/wp-content\/uploads\/2021\/05\/CistocaGradiskaLOGO.png","width":600,"height":200,"caption":"\u010cisto\u0107a Gradi\u0161ka"},"image":{"@id":"https:\/\/cistocagradiska.com\/cir\/#\/schema\/logo\/image\/"}}]}},"_links":{"self":[{"href":"https:\/\/cistocagradiska.com\/cir\/wp-json\/wp\/v2\/pages\/1907","targetHints":{"allow":["GET"]}}],"collection":[{"href":"https:\/\/cistocagradiska.com\/cir\/wp-json\/wp\/v2\/pages"}],"about":[{"href":"https:\/\/cistocagradiska.com\/cir\/wp-json\/wp\/v2\/types\/page"}],"author":[{"embeddable":true,"href":"https:\/\/cistocagradiska.com\/cir\/wp-json\/wp\/v2\/users\/1"}],"replies":[{"embeddable":true,"href":"https:\/\/cistocagradiska.com\/cir\/wp-json\/wp\/v2\/comments?post=1907"}],"version-history":[{"count":10,"href":"https:\/\/cistocagradiska.com\/cir\/wp-json\/wp\/v2\/pages\/1907\/revisions"}],"predecessor-version":[{"id":2836,"href":"https:\/\/cistocagradiska.com\/cir\/wp-json\/wp\/v2\/pages\/1907\/revisions\/2836"}],"wp:featuredmedia":[{"embeddable":true,"href":"https:\/\/cistocagradiska.com\/cir\/wp-json\/wp\/v2\/media\/1980"}],"wp:attachment":[{"href":"https:\/\/cistocagradiska.com\/cir\/wp-json\/wp\/v2\/media?parent=1907"}],"curies":[{"name":"wp","href":"https:\/\/api.w.org\/{rel}","templated":true}]}}