{"id":3240,"date":"2025-12-11T12:51:40","date_gmt":"2025-12-11T11:51:40","guid":{"rendered":"https:\/\/cistocagradiska.com\/?page_id=3240"},"modified":"2025-12-12T11:54:26","modified_gmt":"2025-12-12T10:54:26","slug":"provjera-fiskalnog-racuna","status":"publish","type":"page","link":"https:\/\/cistocagradiska.com\/cir\/provjera-fiskalnog-racuna\/","title":{"rendered":"\u041f\u0440\u043e\u0432\u0458\u0435\u0440\u0430 \u0444\u0438\u0441\u043a\u0430\u043b\u043d\u043e\u0433 \u0440\u0430\u0447\u0443\u043d\u0430"},"content":{"rendered":"<figure class=\"wp-block-post-featured-image\"><img fetchpriority=\"high\" decoding=\"async\" width=\"767\" height=\"431\" src=\"https:\/\/cistocagradiska.com\/wp-content\/uploads\/2025\/12\/PozivNaBroj.png\" class=\"attachment-post-thumbnail size-post-thumbnail wp-post-image\" alt=\"\" style=\"object-fit:cover;\" srcset=\"https:\/\/cistocagradiska.com\/wp-content\/uploads\/2025\/12\/PozivNaBroj.png 767w, https:\/\/cistocagradiska.com\/wp-content\/uploads\/2025\/12\/PozivNaBroj-300x169.png 300w, https:\/\/cistocagradiska.com\/wp-content\/uploads\/2025\/12\/PozivNaBroj-18x10.png 18w\" sizes=\"(max-width: 767px) 100vw, 767px\" \/><\/figure>\n\n\n<h2 class=\"wp-block-heading\">\u041f\u0440\u043e\u0432\u0458\u0435\u0440\u0430 \u0444\u0438\u0441\u043a\u0430\u043b\u043d\u043e\u0433 \u0440\u0430\u0447\u0443\u043d\u0430<\/h2>\n\n\n\n<p>\u0423\u043d\u0435\u0441\u0438\u0442\u0435 <em>\u043f\u043e\u0437\u0438\u0432 \u043d\u0430 \u0431\u0440\u043e\u0458<\/em> \u0441\u0430 \u0440\u0430\u0447\u0443\u043d\u0430 \u0421\u041e\u041d-\u0430 \u0434\u0430 \u0431\u0438\u0441\u0442\u0435 \u043f\u0440\u0438\u0441\u0442\u0443\u043f\u0438\u043b\u0438 \u0434\u0435\u0442\u0430\u0459\u0438\u043c\u0430 \u0440\u0430\u0447\u0443\u043d\u0430 \u0438 \u0434\u043e\u0431\u0438\u043b\u0438 QR \u043a\u043e\u0434 \u0437\u0430 \u045a\u0435\u0433\u043e\u0432\u0443 \u0432\u0430\u043b\u0438\u0434\u0430\u0446\u0438\u0458\u0443<\/p>\n\n\n\n<p><strong>\u041a\u0430\u043a\u043e \u043a\u043e\u0440\u0438\u0441\u0442\u0438\u0442\u0438:<\/strong><\/p>\n\n\n\n<ol class=\"wp-block-list\">\n<li>\u0423 \u043f\u043e\u0459\u0435 \u0443\u043d\u0435\u0441\u0438\u0442\u0435 \u043f\u043e\u0437\u0438\u0432 \u043d\u0430 \u0431\u0440\u043e\u0458 \u0441\u0430 \u0440\u0430\u0447\u0443\u043d\u0430<\/li>\n\n\n\n<li>\u041a\u043b\u0438\u043a\u043d\u0438\u0442\u0435 <strong>\u201e\u041f\u0440\u043e\u0432\u0458\u0435\u0440\u0438 \u0440\u0430\u0447\u0443\u043d\u201d<\/strong>.<\/li>\n\n\n\n<li>\u0421\u0438\u0441\u0442\u0435\u043c \u045b\u0435 \u043f\u0440\u0438\u043a\u0430\u0437\u0430\u0442\u0438 \u0434\u0435\u0442\u0430\u0459\u0435 \u0440\u0430\u0447\u0443\u043d\u0430 \u0438 QR \u043a\u043e\u0434 (\u0430\u043a\u043e \u0440\u0430\u0447\u0443\u043d \u043f\u043e\u0441\u0442\u043e\u0458\u0438).<\/li>\n\n\n\n<li>\u0421\u043a\u0435\u043d\u0438\u0440\u0430\u045a\u0435\u043c QR \u043a\u043e\u0434\u0430 \u0431\u0438\u045b\u0435\u0442\u0435 \u043f\u0440\u0435\u0443\u0441\u043c\u0458\u0435\u0440\u0435\u043d\u0438 \u043d\u0430 \u0441\u0442\u0440\u0430\u043d\u0438\u0446\u0443 \u041f\u043e\u0440\u0435\u0441\u043a\u0435 \u0443\u043f\u0440\u0430\u0432\u0435 \u043a\u043e\u0458\u0430 \u043f\u043e\u0442\u0432\u0440\u0452\u0443\u0458\u0435 \u0432\u0430\u043b\u0438\u0434\u043d\u043e\u0441\u0442 \u0440\u0430\u0447\u0443\u043d\u0430.<\/li>\n<\/ol>\n\n\n<p><iframe style=\"border: none; border-radius: 8px;\" src=\"https:\/\/cistocagradiska.com\/public_html\/test.php\" width=\"100%\" height=\"900\"><\/iframe><\/p>\n\n\n\n<p><\/p>","protected":false},"excerpt":{"rendered":"<p>\u041f\u0440\u043e\u0432\u0458\u0435\u0440\u0430 \u0444\u0438\u0441\u043a\u0430\u043b\u043d\u043e\u0433 \u0440\u0430\u0447\u0443\u043d\u0430 \u0423\u043d\u0435\u0441\u0438\u0442\u0435 \u043f\u043e\u0437\u0438\u0432 \u043d\u0430 \u0431\u0440\u043e\u0458 \u0441\u0430 \u0440\u0430\u0447\u0443\u043d\u0430 \u0421\u041e\u041d-\u0430 \u0434\u0430 \u0431\u0438\u0441\u0442\u0435 \u043f\u0440\u0438\u0441\u0442\u0443\u043f\u0438\u043b\u0438 \u0434\u0435\u0442\u0430\u0459\u0438\u043c\u0430 \u0440\u0430\u0447\u0443\u043d\u0430 \u0438 \u0434\u043e\u0431\u0438\u043b\u0438 QR \u043a\u043e\u0434 \u0437\u0430 \u045a\u0435\u0433\u043e\u0432\u0443 \u0432\u0430\u043b\u0438\u0434\u0430\u0446\u0438\u0458\u0443 \u041a\u0430\u043a\u043e \u043a\u043e\u0440\u0438\u0441\u0442\u0438\u0442\u0438:<\/p>","protected":false},"author":2,"featured_media":3245,"parent":0,"menu_order":0,"comment_status":"closed","ping_status":"closed","template":"","meta":{"_acf_changed":false,"footnotes":""},"class_list":["post-3240","page","type-page","status-publish","has-post-thumbnail","hentry"],"acf":[],"yoast_head":"<!-- This site is optimized with the Yoast SEO plugin v22.8 - https:\/\/yoast.com\/wordpress\/plugins\/seo\/ -->\n<title>\u041f\u0440\u043e\u0432\u0458\u0435\u0440\u0430 \u0444\u0438\u0441\u043a\u0430\u043b\u043d\u043e\u0433 \u0440\u0430\u0447\u0443\u043d\u0430 - \u010cisto\u0107a Gradi\u0161ka<\/title>\n<meta name=\"robots\" content=\"index, follow, max-snippet:-1, max-image-preview:large, max-video-preview:-1\" \/>\n<link rel=\"canonical\" href=\"https:\/\/cistocagradiska.com\/cir\/provjera-fiskalnog-racuna\/\" \/>\n<meta property=\"og:locale\" content=\"en_US\" \/>\n<meta property=\"og:type\" content=\"article\" \/>\n<meta property=\"og:title\" content=\"\u041f\u0440\u043e\u0432\u0458\u0435\u0440\u0430 \u0444\u0438\u0441\u043a\u0430\u043b\u043d\u043e\u0433 \u0440\u0430\u0447\u0443\u043d\u0430 - \u010cisto\u0107a Gradi\u0161ka\" \/>\n<meta property=\"og:description\" content=\"\u041f\u0440\u043e\u0432\u0458\u0435\u0440\u0430 \u0444\u0438\u0441\u043a\u0430\u043b\u043d\u043e\u0433 \u0440\u0430\u0447\u0443\u043d\u0430 \u0423\u043d\u0435\u0441\u0438\u0442\u0435 \u043f\u043e\u0437\u0438\u0432 \u043d\u0430 \u0431\u0440\u043e\u0458 \u0441\u0430 \u0440\u0430\u0447\u0443\u043d\u0430 \u0421\u041e\u041d-\u0430 \u0434\u0430 \u0431\u0438\u0441\u0442\u0435 \u043f\u0440\u0438\u0441\u0442\u0443\u043f\u0438\u043b\u0438 \u0434\u0435\u0442\u0430\u0459\u0438\u043c\u0430 \u0440\u0430\u0447\u0443\u043d\u0430 \u0438 \u0434\u043e\u0431\u0438\u043b\u0438 QR \u043a\u043e\u0434 \u0437\u0430 \u045a\u0435\u0433\u043e\u0432\u0443 \u0432\u0430\u043b\u0438\u0434\u0430\u0446\u0438\u0458\u0443 \u041a\u0430\u043a\u043e \u043a\u043e\u0440\u0438\u0441\u0442\u0438\u0442\u0438:\" \/>\n<meta property=\"og:url\" content=\"https:\/\/cistocagradiska.com\/cir\/provjera-fiskalnog-racuna\/\" \/>\n<meta property=\"og:site_name\" content=\"\u010cisto\u0107a Gradi\u0161ka\" \/>\n<meta property=\"article:modified_time\" content=\"2025-12-12T10:54:26+00:00\" \/>\n<meta property=\"og:image\" content=\"https:\/\/cistocagradiska.com\/wp-content\/uploads\/2025\/12\/PozivNaBroj.png\" \/>\n\t<meta property=\"og:image:width\" content=\"767\" \/>\n\t<meta property=\"og:image:height\" content=\"431\" \/>\n\t<meta property=\"og:image:type\" content=\"image\/png\" \/>\n<meta name=\"twitter:card\" content=\"summary_large_image\" \/>\n<script type=\"application\/ld+json\" class=\"yoast-schema-graph\">{\"@context\":\"https:\/\/schema.org\",\"@graph\":[{\"@type\":\"WebPage\",\"@id\":\"https:\/\/cistocagradiska.com\/provjera-fiskalnog-racuna\/\",\"url\":\"https:\/\/cistocagradiska.com\/provjera-fiskalnog-racuna\/\",\"name\":\"\u041f\u0440\u043e\u0432\u0458\u0435\u0440\u0430 \u0444\u0438\u0441\u043a\u0430\u043b\u043d\u043e\u0433 \u0440\u0430\u0447\u0443\u043d\u0430 - \u010cisto\u0107a Gradi\u0161ka\",\"isPartOf\":{\"@id\":\"https:\/\/cistocagradiska.com\/cir\/#website\"},\"primaryImageOfPage\":{\"@id\":\"https:\/\/cistocagradiska.com\/provjera-fiskalnog-racuna\/#primaryimage\"},\"image\":{\"@id\":\"https:\/\/cistocagradiska.com\/provjera-fiskalnog-racuna\/#primaryimage\"},\"thumbnailUrl\":\"https:\/\/cistocagradiska.com\/wp-content\/uploads\/2025\/12\/PozivNaBroj.png\",\"datePublished\":\"2025-12-11T11:51:40+00:00\",\"dateModified\":\"2025-12-12T10:54:26+00:00\",\"breadcrumb\":{\"@id\":\"https:\/\/cistocagradiska.com\/provjera-fiskalnog-racuna\/#breadcrumb\"},\"inLanguage\":\"cir\",\"potentialAction\":[{\"@type\":\"ReadAction\",\"target\":[\"https:\/\/cistocagradiska.com\/provjera-fiskalnog-racuna\/\"]}]},{\"@type\":\"ImageObject\",\"inLanguage\":\"cir\",\"@id\":\"https:\/\/cistocagradiska.com\/provjera-fiskalnog-racuna\/#primaryimage\",\"url\":\"https:\/\/cistocagradiska.com\/wp-content\/uploads\/2025\/12\/PozivNaBroj.png\",\"contentUrl\":\"https:\/\/cistocagradiska.com\/wp-content\/uploads\/2025\/12\/PozivNaBroj.png\",\"width\":767,\"height\":431},{\"@type\":\"BreadcrumbList\",\"@id\":\"https:\/\/cistocagradiska.com\/provjera-fiskalnog-racuna\/#breadcrumb\",\"itemListElement\":[{\"@type\":\"ListItem\",\"position\":1,\"name\":\"Home\",\"item\":\"https:\/\/cistocagradiska.com\/cir\/\"},{\"@type\":\"ListItem\",\"position\":2,\"name\":\"\u041f\u0440\u043e\u0432\u0458\u0435\u0440\u0430 \u0444\u0438\u0441\u043a\u0430\u043b\u043d\u043e\u0433 \u0440\u0430\u0447\u0443\u043d\u0430\"}]},{\"@type\":\"WebSite\",\"@id\":\"https:\/\/cistocagradiska.com\/cir\/#website\",\"url\":\"https:\/\/cistocagradiska.com\/cir\/\",\"name\":\"\u010cisto\u0107a Gradi\u0161ka\",\"description\":\"KP &quot;GRADSKA \u010cISTO\u0106A&quot; AD GRADI\u0160KA\",\"publisher\":{\"@id\":\"https:\/\/cistocagradiska.com\/cir\/#organization\"},\"potentialAction\":[{\"@type\":\"SearchAction\",\"target\":{\"@type\":\"EntryPoint\",\"urlTemplate\":\"https:\/\/cistocagradiska.com\/cir\/?s={search_term_string}\"},\"query-input\":\"required name=search_term_string\"}],\"inLanguage\":\"cir\"},{\"@type\":\"Organization\",\"@id\":\"https:\/\/cistocagradiska.com\/cir\/#organization\",\"name\":\"\u010cisto\u0107a Gradi\u0161ka\",\"url\":\"https:\/\/cistocagradiska.com\/cir\/\",\"logo\":{\"@type\":\"ImageObject\",\"inLanguage\":\"cir\",\"@id\":\"https:\/\/cistocagradiska.com\/cir\/#\/schema\/logo\/image\/\",\"url\":\"https:\/\/cistocagradiska.com\/wp-content\/uploads\/2021\/05\/CistocaGradiskaLOGO.png\",\"contentUrl\":\"https:\/\/cistocagradiska.com\/wp-content\/uploads\/2021\/05\/CistocaGradiskaLOGO.png\",\"width\":600,\"height\":200,\"caption\":\"\u010cisto\u0107a Gradi\u0161ka\"},\"image\":{\"@id\":\"https:\/\/cistocagradiska.com\/cir\/#\/schema\/logo\/image\/\"}}]}<\/script>\n<!-- \/ Yoast SEO plugin. -->","yoast_head_json":{"title":"\u041f\u0440\u043e\u0432\u0458\u0435\u0440\u0430 \u0444\u0438\u0441\u043a\u0430\u043b\u043d\u043e\u0433 \u0440\u0430\u0447\u0443\u043d\u0430 - \u010cisto\u0107a Gradi\u0161ka","robots":{"index":"index","follow":"follow","max-snippet":"max-snippet:-1","max-image-preview":"max-image-preview:large","max-video-preview":"max-video-preview:-1"},"canonical":"https:\/\/cistocagradiska.com\/cir\/provjera-fiskalnog-racuna\/","og_locale":"en_US","og_type":"article","og_title":"\u041f\u0440\u043e\u0432\u0458\u0435\u0440\u0430 \u0444\u0438\u0441\u043a\u0430\u043b\u043d\u043e\u0433 \u0440\u0430\u0447\u0443\u043d\u0430 - \u010cisto\u0107a Gradi\u0161ka","og_description":"\u041f\u0440\u043e\u0432\u0458\u0435\u0440\u0430 \u0444\u0438\u0441\u043a\u0430\u043b\u043d\u043e\u0433 \u0440\u0430\u0447\u0443\u043d\u0430 \u0423\u043d\u0435\u0441\u0438\u0442\u0435 \u043f\u043e\u0437\u0438\u0432 \u043d\u0430 \u0431\u0440\u043e\u0458 \u0441\u0430 \u0440\u0430\u0447\u0443\u043d\u0430 \u0421\u041e\u041d-\u0430 \u0434\u0430 \u0431\u0438\u0441\u0442\u0435 \u043f\u0440\u0438\u0441\u0442\u0443\u043f\u0438\u043b\u0438 \u0434\u0435\u0442\u0430\u0459\u0438\u043c\u0430 \u0440\u0430\u0447\u0443\u043d\u0430 \u0438 \u0434\u043e\u0431\u0438\u043b\u0438 QR \u043a\u043e\u0434 \u0437\u0430 \u045a\u0435\u0433\u043e\u0432\u0443 \u0432\u0430\u043b\u0438\u0434\u0430\u0446\u0438\u0458\u0443 \u041a\u0430\u043a\u043e \u043a\u043e\u0440\u0438\u0441\u0442\u0438\u0442\u0438:","og_url":"https:\/\/cistocagradiska.com\/cir\/provjera-fiskalnog-racuna\/","og_site_name":"\u010cisto\u0107a Gradi\u0161ka","article_modified_time":"2025-12-12T10:54:26+00:00","og_image":[{"width":767,"height":431,"url":"https:\/\/cistocagradiska.com\/wp-content\/uploads\/2025\/12\/PozivNaBroj.png","type":"image\/png"}],"twitter_card":"summary_large_image","schema":{"@context":"https:\/\/schema.org","@graph":[{"@type":"WebPage","@id":"https:\/\/cistocagradiska.com\/provjera-fiskalnog-racuna\/","url":"https:\/\/cistocagradiska.com\/provjera-fiskalnog-racuna\/","name":"\u041f\u0440\u043e\u0432\u0458\u0435\u0440\u0430 \u0444\u0438\u0441\u043a\u0430\u043b\u043d\u043e\u0433 \u0440\u0430\u0447\u0443\u043d\u0430 - \u010cisto\u0107a Gradi\u0161ka","isPartOf":{"@id":"https:\/\/cistocagradiska.com\/cir\/#website"},"primaryImageOfPage":{"@id":"https:\/\/cistocagradiska.com\/provjera-fiskalnog-racuna\/#primaryimage"},"image":{"@id":"https:\/\/cistocagradiska.com\/provjera-fiskalnog-racuna\/#primaryimage"},"thumbnailUrl":"https:\/\/cistocagradiska.com\/wp-content\/uploads\/2025\/12\/PozivNaBroj.png","datePublished":"2025-12-11T11:51:40+00:00","dateModified":"2025-12-12T10:54:26+00:00","breadcrumb":{"@id":"https:\/\/cistocagradiska.com\/provjera-fiskalnog-racuna\/#breadcrumb"},"inLanguage":"cir","potentialAction":[{"@type":"ReadAction","target":["https:\/\/cistocagradiska.com\/provjera-fiskalnog-racuna\/"]}]},{"@type":"ImageObject","inLanguage":"cir","@id":"https:\/\/cistocagradiska.com\/provjera-fiskalnog-racuna\/#primaryimage","url":"https:\/\/cistocagradiska.com\/wp-content\/uploads\/2025\/12\/PozivNaBroj.png","contentUrl":"https:\/\/cistocagradiska.com\/wp-content\/uploads\/2025\/12\/PozivNaBroj.png","width":767,"height":431},{"@type":"BreadcrumbList","@id":"https:\/\/cistocagradiska.com\/provjera-fiskalnog-racuna\/#breadcrumb","itemListElement":[{"@type":"ListItem","position":1,"name":"Home","item":"https:\/\/cistocagradiska.com\/cir\/"},{"@type":"ListItem","position":2,"name":"\u041f\u0440\u043e\u0432\u0458\u0435\u0440\u0430 \u0444\u0438\u0441\u043a\u0430\u043b\u043d\u043e\u0433 \u0440\u0430\u0447\u0443\u043d\u0430"}]},{"@type":"WebSite","@id":"https:\/\/cistocagradiska.com\/cir\/#website","url":"https:\/\/cistocagradiska.com\/cir\/","name":"\u010cisto\u0107a Gradi\u0161ka","description":"KP &quot;GRADSKA \u010cISTO\u0106A&quot; AD GRADI\u0160KA","publisher":{"@id":"https:\/\/cistocagradiska.com\/cir\/#organization"},"potentialAction":[{"@type":"SearchAction","target":{"@type":"EntryPoint","urlTemplate":"https:\/\/cistocagradiska.com\/cir\/?s={search_term_string}"},"query-input":"required name=search_term_string"}],"inLanguage":"cir"},{"@type":"Organization","@id":"https:\/\/cistocagradiska.com\/cir\/#organization","name":"\u010cisto\u0107a Gradi\u0161ka","url":"https:\/\/cistocagradiska.com\/cir\/","logo":{"@type":"ImageObject","inLanguage":"cir","@id":"https:\/\/cistocagradiska.com\/cir\/#\/schema\/logo\/image\/","url":"https:\/\/cistocagradiska.com\/wp-content\/uploads\/2021\/05\/CistocaGradiskaLOGO.png","contentUrl":"https:\/\/cistocagradiska.com\/wp-content\/uploads\/2021\/05\/CistocaGradiskaLOGO.png","width":600,"height":200,"caption":"\u010cisto\u0107a Gradi\u0161ka"},"image":{"@id":"https:\/\/cistocagradiska.com\/cir\/#\/schema\/logo\/image\/"}}]}},"_links":{"self":[{"href":"https:\/\/cistocagradiska.com\/cir\/wp-json\/wp\/v2\/pages\/3240","targetHints":{"allow":["GET"]}}],"collection":[{"href":"https:\/\/cistocagradiska.com\/cir\/wp-json\/wp\/v2\/pages"}],"about":[{"href":"https:\/\/cistocagradiska.com\/cir\/wp-json\/wp\/v2\/types\/page"}],"author":[{"embeddable":true,"href":"https:\/\/cistocagradiska.com\/cir\/wp-json\/wp\/v2\/users\/2"}],"replies":[{"embeddable":true,"href":"https:\/\/cistocagradiska.com\/cir\/wp-json\/wp\/v2\/comments?post=3240"}],"version-history":[{"count":8,"href":"https:\/\/cistocagradiska.com\/cir\/wp-json\/wp\/v2\/pages\/3240\/revisions"}],"predecessor-version":[{"id":3256,"href":"https:\/\/cistocagradiska.com\/cir\/wp-json\/wp\/v2\/pages\/3240\/revisions\/3256"}],"wp:featuredmedia":[{"embeddable":true,"href":"https:\/\/cistocagradiska.com\/cir\/wp-json\/wp\/v2\/media\/3245"}],"wp:attachment":[{"href":"https:\/\/cistocagradiska.com\/cir\/wp-json\/wp\/v2\/media?parent=3240"}],"curies":[{"name":"wp","href":"https:\/\/api.w.org\/{rel}","templated":true}]}}